{"id":9,"date":"2024-02-06T10:48:21","date_gmt":"2024-02-06T10:48:21","guid":{"rendered":"https:\/\/wissensbasis.vitadio.de\/?page_id=9"},"modified":"2024-04-18T01:13:45","modified_gmt":"2024-04-18T01:13:45","slug":"ratgeber-startseite","status":"publish","type":"page","link":"https:\/\/wissensbasis.vitadio.de\/","title":{"rendered":"Ratgeber Startseite"},"content":{"rendered":"<p>Wie k\u00f6nnen wir ihnen helfen?\t\t<\/p>\n<h1>Alles, was Sie wissen m\u00f6chten<\/h1>\n<p>\t\t\t<form  class=\"is-search-form is-form-style is-form-style-1 is-form-id-689 \" action=\"https:\/\/wissensbasis.vitadio.de\/\" method=\"get\" role=\"search\" ><label for=\"is-search-input-689\"><span class=\"is-screen-reader-text\">Search for:<\/span><input  type=\"search\" id=\"is-search-input-689\" name=\"s\" value=\"\" class=\"is-search-input\" placeholder=\"\u00dcber Diabetes\" autocomplete=off \/><\/label><input type=\"submit\" value=\"Suche\" class=\"is-search-submit\" \/><input type=\"hidden\" name=\"id\" value=\"689\" \/><input type=\"hidden\" name=\"post_type\" value=\"post\" \/><\/form><br \/>\n\t\t\tBeliebte Themen:<br \/>\n\t\t\t<a href=\"https:\/\/wissensbasis.vitadio.de\/?s=Diabetes&#038;id=6&#038;post_type=post\">Diabetes<\/a><br \/>\n\t\t\t<a href=\"https:\/\/wissensbasis.vitadio.de\/?s=Diabetes%20Mellitus&#038;id=6&#038;post_type=post\">Diabetes Mellitus<\/a><br \/>\n\t\t\t<a href=\"https:\/\/wissensbasis.vitadio.de\/?s=Typ-2-Diabetes&#038;id=6&#038;post_type=post\"> Typ-2-Diabetes<\/a>\t\t<\/p>\n<h2>W\u00e4hlen Sie die Art von Hilfe, die Sie brauchen<\/h2>\n<p>\t\t\t\t\t\t\t\t\t\t\t\t\t<img loading=\"lazy\" decoding=\"async\" width=\"768\" height=\"814\" src=\"https:\/\/wissensbasis.vitadio.de\/wp-content\/uploads\/2022\/02\/terapeutka2.svg\" alt=\"\" \/>\t\t\t\t\t\t\t\t\t\t\t\t\t<\/p>\n<h3><a href=\"https:\/\/wissensbasis.vitadio.de\/uber-diabetes\/\">\u00dcber Diabetes<\/a><\/h3>\n<p>\t\tErfahren Sie, wie Diabetes entsteht und welche Auswirkungen er auf Ihren K\u00f6rper hat.<br \/>\n\t\t\t<a href=\"https:\/\/wissensbasis.vitadio.de\/uber-diabetes\/\"><br \/>\n\t\t\t\t\t\tWeiterlesen<br \/>\n\t\t\t\t\t<\/a><br \/>\n\t\t\t\t\t\t\t\t\t\t\t\t\t<img loading=\"lazy\" decoding=\"async\" width=\"768\" height=\"776\" src=\"https:\/\/wissensbasis.vitadio.de\/wp-content\/uploads\/2022\/02\/Group-1145-1.svg\" alt=\"\" \/>\t\t\t\t\t\t\t\t\t\t\t\t\t<\/p>\n<h3>Behandlung &amp; Selbsthilfe mit Diabetes<\/h3>\n<p>\t\tWie man mit Diabetes lebt und was man tun kann, um ihn unter Kontrolle zu halten.<br \/>\n\t\t\t<a href=\"https:\/\/wissensbasis.vitadio.de\/behandlung-selbsthilfe-mit-diabetes\/\"><br \/>\n\t\t\t\t\t\tWeiterlesen<br \/>\n\t\t\t\t\t<\/a><br \/>\n\t\t\t\t\t\t\t\t\t\t\t\t\t<img loading=\"lazy\" decoding=\"async\" width=\"768\" height=\"998\" src=\"https:\/\/wissensbasis.vitadio.de\/wp-content\/uploads\/2022\/02\/07_ustarana.svg\" alt=\"\" \/>\t\t\t\t\t\t\t\t\t\t\t\t\t<\/p>\n<h3>Abnehmen mit Diabetes<\/h3>\n<p>Was unser K\u00f6rpergewicht beeinflusst, wie wir es reduzieren und wie wir das Ergebnis aufrechterhalten k\u00f6nnen.<\/p>\n<p>\t\t\t<a href=\"https:\/\/wissensbasis.vitadio.de\/abnehmen-mit-diabetes\/\"><br \/>\n\t\t\t\t\t\tWeiterlesen<br \/>\n\t\t\t\t\t<\/a><br \/>\n\t\t\t\t\t\t\t\t\t\t\t\t\t<img loading=\"lazy\" decoding=\"async\" width=\"768\" height=\"791\" src=\"https:\/\/wissensbasis.vitadio.de\/wp-content\/uploads\/2022\/02\/Group-1125.svg\" alt=\"\" \/>\t\t\t\t\t\t\t\t\t\t\t\t\t<\/p>\n<h3>Leben mit Diabetes<\/h3>\n<p>Praktische Tipps zur Verankerung gesunder Gewohnheiten.<\/p>\n<p>\t\t\t<a href=\"https:\/\/wissensbasis.vitadio.de\/leben-mit-diabetes\/\"><br \/>\n\t\t\t\t\t\tWeiterlesen<br \/>\n\t\t\t\t\t<\/a><br \/>\n\t\t\t\t\t\t\t\t\t\t\t\t\t<img loading=\"lazy\" decoding=\"async\" width=\"768\" height=\"614\" src=\"https:\/\/wissensbasis.vitadio.de\/wp-content\/uploads\/2022\/02\/Group-1145.svg\" alt=\"\" \/>\t\t\t\t\t\t\t\t\t\t\t\t\t<\/p>\n<h3>Ern\u00e4hrung bei Diabetes<\/h3>\n<p>Wie man die Balance zwischen gesund und lecker findet.<\/p>\n<p>\t\t\t<a href=\"https:\/\/wissensbasis.vitadio.de\/ernahrung-bei-diabetes\/\"><br \/>\n\t\t\t\t\t\tWeiterlesen<br \/>\n\t\t\t\t\t<\/a><br \/>\n\t\t\t\t\t\t\t\t\t\t\t\t\t<img loading=\"lazy\" decoding=\"async\" width=\"768\" height=\"573\" src=\"https:\/\/wissensbasis.vitadio.de\/wp-content\/uploads\/2022\/02\/Group-1133.svg\" alt=\"\" \/>\t\t\t\t\t\t\t\t\t\t\t\t\t<\/p>\n<h3>FAQs (Programm)<\/h3>\n<p>\t\tWir helfen Ihnen gerne weiter. Finden Sie einfach die Antwort, die Sie suchen, oder fragen Sie unseren technischen Support.<br \/>\n\t\t\t<a href=\"https:\/\/wissensbasis.vitadio.de\/faqs-programm\/\"><br \/>\n\t\t\t\t\t\tWeiterlesen<br \/>\n\t\t\t\t\t<\/a><br \/>\n\t\t\tWie gut bin ich in meinem Diabetesmanagement?\t\t<\/p>\n<ul>\n<li>\n\t\t\t\t\t\t\t<svg aria-hidden=\"true\" viewBox=\"0 0 512 512\" xmlns=\"http:\/\/www.w3.org\/2000\/svg\"><path d=\"M173.898 439.404l-166.4-166.4c-9.997-9.997-9.997-26.206 0-36.204l36.203-36.204c9.997-9.998 26.207-9.998 36.204 0L192 312.69 432.095 72.596c9.997-9.997 26.207-9.997 36.204 0l36.203 36.204c9.997 9.997 9.997 26.206 0 36.204l-294.4 294.401c-9.998 9.997-26.207 9.997-36.204-.001z\"><\/path><\/svg><br \/>\n\t\t\t\t\t\t\t\t\t\tOffizieller Test des Stanford Patient Education Research Center\n\t\t\t\t\t\t\t\t\t<\/li>\n<\/ul>\n<p>\t\t\t<a href=\"https:\/\/vitadio.de\/quiz\"><br \/>\n\t\t\t\t\t\tAm Quiz teilnehmen<br \/>\n\t\t\t\t\t<\/a><\/p>\n<ul>\n<li>\n\t\t\t\t\t\t\t<svg aria-hidden=\"true\" viewBox=\"0 0 512 512\" xmlns=\"http:\/\/www.w3.org\/2000\/svg\"><path d=\"M256 8C119 8 8 119 8 256s111 248 248 248 248-111 248-248S393 8 256 8zm0 448c-110.5 0-200-89.5-200-200S145.5 56 256 56s200 89.5 200 200-89.5 200-200 200zm61.8-104.4l-84.9-61.7c-3.1-2.3-4.9-5.9-4.9-9.7V116c0-6.6 5.4-12 12-12h32c6.6 0 12 5.4 12 12v141.7l66.8 48.6c5.4 3.9 6.5 11.4 2.6 16.8L334.6 349c-3.9 5.3-11.4 6.5-16.8 2.6z\"><\/path><\/svg><br \/>\n\t\t\t\t\t\t\t\t\t\t2 mins\n\t\t\t\t\t\t\t\t\t<\/li>\n<\/ul>\n<p>\t\t\t\t\t\t\t\t\t\t\t\t\t<img loading=\"lazy\" decoding=\"async\" width=\"569\" height=\"411\" src=\"https:\/\/wissensbasis.vitadio.de\/wp-content\/uploads\/2024\/02\/img_diabetes_managment.webp\" alt=\"\" srcset=\"https:\/\/wissensbasis.vitadio.de\/wp-content\/uploads\/2024\/02\/img_diabetes_managment.webp 569w, https:\/\/wissensbasis.vitadio.de\/wp-content\/uploads\/2024\/02\/img_diabetes_managment-300x217.webp 300w\" sizes=\"(max-width: 569px) 100vw, 569px\" \/>\t\t\t\t\t\t\t\t\t\t\t\t\t<\/p>\n<h2>Meistgelesene Artikel<\/h2>\n<p>\t\t\t\t\t\t\t\t\t\t\t\t\t<img loading=\"lazy\" decoding=\"async\" width=\"441\" height=\"448\" src=\"https:\/\/wissensbasis.vitadio.de\/wp-content\/uploads\/2024\/02\/img_download_app_de.webp\" alt=\"\" srcset=\"https:\/\/wissensbasis.vitadio.de\/wp-content\/uploads\/2024\/02\/img_download_app_de.webp 441w, https:\/\/wissensbasis.vitadio.de\/wp-content\/uploads\/2024\/02\/img_download_app_de-295x300.webp 295w\" sizes=\"(max-width: 441px) 100vw, 441px\" \/><br \/>\n\t\t\tMachen Sie heute den ersten schritt!\t\t<\/p>\n<h2>Die App, die Ihnen dabei<br \/>\nhilft, mit Genuss zu leben.<\/h2>\n<p>\t\t\t<a href=\"https:\/\/vitadio.de\/onboarding-quiz\"><br \/>\n\t\t\t\t\t\tJetzt starten<br \/>\n\t\t\t\t\t<\/a><br \/>\n\t\t\t\t\t\t\t\t\t\t\t\t\t<img loading=\"lazy\" decoding=\"async\" width=\"441\" height=\"448\" src=\"https:\/\/wissensbasis.vitadio.de\/wp-content\/uploads\/2024\/02\/img_download_app_de.webp\" alt=\"\" srcset=\"https:\/\/wissensbasis.vitadio.de\/wp-content\/uploads\/2024\/02\/img_download_app_de.webp 441w, https:\/\/wissensbasis.vitadio.de\/wp-content\/uploads\/2024\/02\/img_download_app_de-295x300.webp 295w\" sizes=\"(max-width: 441px) 100vw, 441px\" \/><\/p>\n","protected":false},"excerpt":{"rendered":"<p>Wie k\u00f6nnen wir ihnen helfen? Alles, was Sie wissen m\u00f6chten Beliebte Themen: Diabetes Diabetes Mellitus Typ-2-Diabetes W\u00e4hlen Sie die Art von Hilfe, die Sie brauchen \u00dcber Diabetes Erfahren Sie, wie Diabetes entsteht und welche Auswirkungen er auf Ihren K\u00f6rper hat. [&hellip;]<\/p>\n","protected":false},"author":1,"featured_media":0,"parent":0,"menu_order":0,"comment_status":"closed","ping_status":"closed","template":"elementor_header_footer","meta":{"_acf_changed":false,"inline_featured_image":false,"footnotes":""},"acf":[],"yoast_head":"<!-- This site is optimized with the Yoast SEO Premium plugin v19.3 (Yoast SEO v22.8) - https:\/\/yoast.com\/wordpress\/plugins\/seo\/ -->\n<title>Ratgeber Startseite - Ratgeber | Vitadio<\/title>\n<meta name=\"robots\" content=\"index, follow, max-snippet:-1, max-image-preview:large, max-video-preview:-1\" \/>\n<link rel=\"canonical\" href=\"https:\/\/wissensbasis.vitadio.de\/\" \/>\n<meta property=\"og:locale\" content=\"de_DE\" \/>\n<meta property=\"og:type\" content=\"article\" \/>\n<meta property=\"og:title\" content=\"Ratgeber Startseite\" \/>\n<meta property=\"og:description\" content=\"Wie k\u00f6nnen wir ihnen helfen? Alles, was Sie wissen m\u00f6chten Beliebte Themen: Diabetes Diabetes Mellitus Typ-2-Diabetes W\u00e4hlen Sie die Art von Hilfe, die Sie brauchen \u00dcber Diabetes Erfahren Sie, wie Diabetes entsteht und welche Auswirkungen er auf Ihren K\u00f6rper hat. [&hellip;]\" \/>\n<meta property=\"og:url\" content=\"https:\/\/wissensbasis.vitadio.de\/\" \/>\n<meta property=\"og:site_name\" content=\"Ratgeber | Vitadio\" \/>\n<meta property=\"article:modified_time\" content=\"2024-04-18T01:13:45+00:00\" \/>\n<meta property=\"og:image\" content=\"https:\/\/wissensbasis.vitadio.de\/wp-content\/uploads\/2022\/02\/terapeutka2.svg\" \/>\n<meta name=\"twitter:card\" content=\"summary_large_image\" \/>\n<meta name=\"twitter:label1\" content=\"Gesch\u00e4tzte Lesezeit\" \/>\n\t<meta name=\"twitter:data1\" content=\"6 Minuten\" \/>\n<script type=\"application\/ld+json\" class=\"yoast-schema-graph\">{\"@context\":\"https:\/\/schema.org\",\"@graph\":[{\"@type\":\"WebPage\",\"@id\":\"https:\/\/wissensbasis.vitadio.de\/\",\"url\":\"https:\/\/wissensbasis.vitadio.de\/\",\"name\":\"Ratgeber Startseite - Ratgeber | Vitadio\",\"isPartOf\":{\"@id\":\"https:\/\/wissensbasis.vitadio.de\/#website\"},\"primaryImageOfPage\":{\"@id\":\"https:\/\/wissensbasis.vitadio.de\/#primaryimage\"},\"image\":{\"@id\":\"https:\/\/wissensbasis.vitadio.de\/#primaryimage\"},\"thumbnailUrl\":\"https:\/\/wissensbasis.vitadio.de\/wp-content\/uploads\/2022\/02\/terapeutka2.svg\",\"datePublished\":\"2024-02-06T10:48:21+00:00\",\"dateModified\":\"2024-04-18T01:13:45+00:00\",\"breadcrumb\":{\"@id\":\"https:\/\/wissensbasis.vitadio.de\/#breadcrumb\"},\"inLanguage\":\"de-DE\",\"potentialAction\":[{\"@type\":\"ReadAction\",\"target\":[\"https:\/\/wissensbasis.vitadio.de\/\"]}]},{\"@type\":\"ImageObject\",\"inLanguage\":\"de-DE\",\"@id\":\"https:\/\/wissensbasis.vitadio.de\/#primaryimage\",\"url\":\"https:\/\/wissensbasis.vitadio.de\/wp-content\/uploads\/2022\/02\/terapeutka2.svg\",\"contentUrl\":\"https:\/\/wissensbasis.vitadio.de\/wp-content\/uploads\/2022\/02\/terapeutka2.svg\",\"width\":114,\"height\":121},{\"@type\":\"BreadcrumbList\",\"@id\":\"https:\/\/wissensbasis.vitadio.de\/#breadcrumb\",\"itemListElement\":[{\"@type\":\"ListItem\",\"position\":1,\"name\":\"Startseite\",\"item\":\"https:\/\/wissensbasis.vitadio.de\/\"},{\"@type\":\"ListItem\",\"position\":2,\"name\":\"Ratgeber Startseite\"}]},{\"@type\":\"WebSite\",\"@id\":\"https:\/\/wissensbasis.vitadio.de\/#website\",\"url\":\"https:\/\/wissensbasis.vitadio.de\/\",\"name\":\"Ratgeber | Vitadio\",\"description\":\"\",\"publisher\":{\"@id\":\"https:\/\/wissensbasis.vitadio.de\/#organization\"},\"potentialAction\":[{\"@type\":\"SearchAction\",\"target\":{\"@type\":\"EntryPoint\",\"urlTemplate\":\"https:\/\/wissensbasis.vitadio.de\/?s={search_term_string}\"},\"query-input\":\"required name=search_term_string\"}],\"inLanguage\":\"de-DE\"},{\"@type\":\"Organization\",\"@id\":\"https:\/\/wissensbasis.vitadio.de\/#organization\",\"name\":\"Ratgeber | Vitadio\",\"url\":\"https:\/\/wissensbasis.vitadio.de\/\",\"logo\":{\"@type\":\"ImageObject\",\"inLanguage\":\"de-DE\",\"@id\":\"https:\/\/wissensbasis.vitadio.de\/#\/schema\/logo\/image\/\",\"url\":\"https:\/\/wissensbasis.vitadio.de\/wp-content\/uploads\/2024\/02\/Logo-Vitadio-400px.png\",\"contentUrl\":\"https:\/\/wissensbasis.vitadio.de\/wp-content\/uploads\/2024\/02\/Logo-Vitadio-400px.png\",\"width\":400,\"height\":94,\"caption\":\"Ratgeber | Vitadio\"},\"image\":{\"@id\":\"https:\/\/wissensbasis.vitadio.de\/#\/schema\/logo\/image\/\"}}]}<\/script>\n<!-- \/ Yoast SEO Premium plugin. -->","yoast_head_json":{"title":"Ratgeber Startseite - Ratgeber | Vitadio","robots":{"index":"index","follow":"follow","max-snippet":"max-snippet:-1","max-image-preview":"max-image-preview:large","max-video-preview":"max-video-preview:-1"},"canonical":"https:\/\/wissensbasis.vitadio.de\/","og_locale":"de_DE","og_type":"article","og_title":"Ratgeber Startseite","og_description":"Wie k\u00f6nnen wir ihnen helfen? Alles, was Sie wissen m\u00f6chten Beliebte Themen: Diabetes Diabetes Mellitus Typ-2-Diabetes W\u00e4hlen Sie die Art von Hilfe, die Sie brauchen \u00dcber Diabetes Erfahren Sie, wie Diabetes entsteht und welche Auswirkungen er auf Ihren K\u00f6rper hat. [&hellip;]","og_url":"https:\/\/wissensbasis.vitadio.de\/","og_site_name":"Ratgeber | Vitadio","article_modified_time":"2024-04-18T01:13:45+00:00","og_image":[{"url":"https:\/\/wissensbasis.vitadio.de\/wp-content\/uploads\/2022\/02\/terapeutka2.svg"}],"twitter_card":"summary_large_image","twitter_misc":{"Gesch\u00e4tzte Lesezeit":"6 Minuten"},"schema":{"@context":"https:\/\/schema.org","@graph":[{"@type":"WebPage","@id":"https:\/\/wissensbasis.vitadio.de\/","url":"https:\/\/wissensbasis.vitadio.de\/","name":"Ratgeber Startseite - Ratgeber | Vitadio","isPartOf":{"@id":"https:\/\/wissensbasis.vitadio.de\/#website"},"primaryImageOfPage":{"@id":"https:\/\/wissensbasis.vitadio.de\/#primaryimage"},"image":{"@id":"https:\/\/wissensbasis.vitadio.de\/#primaryimage"},"thumbnailUrl":"https:\/\/wissensbasis.vitadio.de\/wp-content\/uploads\/2022\/02\/terapeutka2.svg","datePublished":"2024-02-06T10:48:21+00:00","dateModified":"2024-04-18T01:13:45+00:00","breadcrumb":{"@id":"https:\/\/wissensbasis.vitadio.de\/#breadcrumb"},"inLanguage":"de-DE","potentialAction":[{"@type":"ReadAction","target":["https:\/\/wissensbasis.vitadio.de\/"]}]},{"@type":"ImageObject","inLanguage":"de-DE","@id":"https:\/\/wissensbasis.vitadio.de\/#primaryimage","url":"https:\/\/wissensbasis.vitadio.de\/wp-content\/uploads\/2022\/02\/terapeutka2.svg","contentUrl":"https:\/\/wissensbasis.vitadio.de\/wp-content\/uploads\/2022\/02\/terapeutka2.svg","width":114,"height":121},{"@type":"BreadcrumbList","@id":"https:\/\/wissensbasis.vitadio.de\/#breadcrumb","itemListElement":[{"@type":"ListItem","position":1,"name":"Startseite","item":"https:\/\/wissensbasis.vitadio.de\/"},{"@type":"ListItem","position":2,"name":"Ratgeber Startseite"}]},{"@type":"WebSite","@id":"https:\/\/wissensbasis.vitadio.de\/#website","url":"https:\/\/wissensbasis.vitadio.de\/","name":"Ratgeber | Vitadio","description":"","publisher":{"@id":"https:\/\/wissensbasis.vitadio.de\/#organization"},"potentialAction":[{"@type":"SearchAction","target":{"@type":"EntryPoint","urlTemplate":"https:\/\/wissensbasis.vitadio.de\/?s={search_term_string}"},"query-input":"required name=search_term_string"}],"inLanguage":"de-DE"},{"@type":"Organization","@id":"https:\/\/wissensbasis.vitadio.de\/#organization","name":"Ratgeber | Vitadio","url":"https:\/\/wissensbasis.vitadio.de\/","logo":{"@type":"ImageObject","inLanguage":"de-DE","@id":"https:\/\/wissensbasis.vitadio.de\/#\/schema\/logo\/image\/","url":"https:\/\/wissensbasis.vitadio.de\/wp-content\/uploads\/2024\/02\/Logo-Vitadio-400px.png","contentUrl":"https:\/\/wissensbasis.vitadio.de\/wp-content\/uploads\/2024\/02\/Logo-Vitadio-400px.png","width":400,"height":94,"caption":"Ratgeber | Vitadio"},"image":{"@id":"https:\/\/wissensbasis.vitadio.de\/#\/schema\/logo\/image\/"}}]}},"_links":{"self":[{"href":"https:\/\/wissensbasis.vitadio.de\/wp-json\/wp\/v2\/pages\/9"}],"collection":[{"href":"https:\/\/wissensbasis.vitadio.de\/wp-json\/wp\/v2\/pages"}],"about":[{"href":"https:\/\/wissensbasis.vitadio.de\/wp-json\/wp\/v2\/types\/page"}],"author":[{"embeddable":true,"href":"https:\/\/wissensbasis.vitadio.de\/wp-json\/wp\/v2\/users\/1"}],"replies":[{"embeddable":true,"href":"https:\/\/wissensbasis.vitadio.de\/wp-json\/wp\/v2\/comments?post=9"}],"version-history":[{"count":497,"href":"https:\/\/wissensbasis.vitadio.de\/wp-json\/wp\/v2\/pages\/9\/revisions"}],"predecessor-version":[{"id":1894,"href":"https:\/\/wissensbasis.vitadio.de\/wp-json\/wp\/v2\/pages\/9\/revisions\/1894"}],"wp:attachment":[{"href":"https:\/\/wissensbasis.vitadio.de\/wp-json\/wp\/v2\/media?parent=9"}],"curies":[{"name":"wp","href":"https:\/\/api.w.org\/{rel}","templated":true}]}}